{"id":101,"date":"2012-03-27T22:34:40","date_gmt":"2012-03-27T22:34:40","guid":{"rendered":"http:\/\/www.filik.adv.br\/?page_id=101"},"modified":"2012-03-27T22:34:40","modified_gmt":"2012-03-27T22:34:40","slug":"como-localizar-informacoes-sobre-o-seu-imovel-prefeitura-municipal-de-sao-paulo","status":"publish","type":"page","link":"https:\/\/filik.adv.br\/filik\/dicas-uteis\/como-localizar-informacoes-sobre-o-seu-imovel-prefeitura-municipal-de-sao-paulo\/","title":{"rendered":"CERTID\u00d5ES"},"content":{"rendered":"<p style=\"text-align: justify; padding-left: 30px;\"><span style=\"color: #003366;\"><strong>Realizamos o levantamento de todas as certid\u00f5es necess\u00e1rias para a elabora\u00e7\u00e3o de uma escorreita transa\u00e7\u00e3o jur\u00eddico imobili\u00e1rio, bem como efetuamos o oportuno estudo destes documentos, de modo que se possa ter um adequado parecer que viabilize a prudente e segura concretiza\u00e7\u00e3o deste neg\u00f3cio, a saber:<\/strong><\/span><\/p>\n<p>&nbsp;<\/p>\n<p style=\"padding-left: 30px;\"><span style=\"color: #003366;\"><strong>DO IM\u00d3VEL<\/strong><\/span><\/p>\n<p style=\"padding-left: 30px;\"><span style=\"color: #003366;\">01. MATR\u00cdCULA DO IM\u00d3VEL;<\/span><br \/>\n<span style=\"color: #003366;\"> 02. CERTID\u00c3O DE QUITA\u00c7\u00c3O DE TRIBUTOS MUNICIPAIS;<\/span><br \/>\n<span style=\"color: #003366;\"> 03. CERTID\u00c3O NEGATIVA DE DESAPROPRIA\u00c7\u00c3O;<\/span><br \/>\n<span style=\"color: #003366;\"> 04. CERTID\u00c3O DE LAUD\u00caMIO (para im\u00f3veis localizados em \u00e1rea da Marinha, principalmente no Litoral);<\/span><br \/>\n<span style=\"color: #003366;\"> 05. CERTID\u00c3O DE D\u00c9BITOS DO IM\u00d3VEL;<\/span><br \/>\n<span style=\"color: #003366;\"> 06. CERTID\u00c3O DE DADOS CADASTRAIS DO IM\u00d3VEL (Valor Venal);<\/span><br \/>\n<span style=\"color: #003366;\"> 07. CONSULTA AO VALOR VENAL DE REFER\u00caNCIA DO IM\u00d3VEL.<\/span><\/p>\n<p style=\"padding-left: 30px;\"><span style=\"color: #003366;\"><strong>PESSOAIS<\/strong><\/span><\/p>\n<p style=\"padding-left: 30px;\"><span style=\"color: #003366;\">01. CERTID\u00c3O NEGATIVA DO DISTRIBUIDOR C\u00cdVEL, EXECUTIVOS FISCAIS, FAL\u00caNCIAS;<\/span><br \/>\n<span style=\"color: #003366;\"> 02. CERTID\u00c3O NEGATIVA DO DISTRIBUIDOR CRIMINAL;<\/span><br \/>\n<span style=\"color: #003366;\"> 03. CERTID\u00c3O NEGATIVA DA JUSTI\u00c7A FEDERAL (C\u00edvel e Criminal):<\/span><br \/>\n<span style=\"color: #003366;\"> 04. CERTID\u00c3O NEGATIVA DA JUSTI\u00c7A DO TRABALHO;<\/span><br \/>\n<span style=\"color: #003366;\"> 05. CERTID\u00c3O NEGATIVA DO DISTRIBUIDOR DE PROTESTO DE T\u00cdTULOS;<\/span><br \/>\n<span style=\"color: #003366;\"> 06. CERTID\u00c3O NEGATIVA DA RECEITA FEDERAL;<\/span><br \/>\n<span style=\"color: #003366;\"> 07. \u201cOBJETO E P\u00c9\u201d DE A\u00c7\u00d5ES EM TR\u00c2MITE, NA JUSTI\u00c7A ESTADUAL OU NA JUSTI\u00c7A FEDERAL;<\/span><\/p>\n<p style=\"padding-left: 30px;\"><span style=\"color: #003366;\"><strong>IM\u00d3VEIS LOCALIZADOS EM \u00c1REA DA MARINHA &#8211; LAUDEMIO &#8211; REGULARIDADE<\/strong><\/span><\/p>\n<p style=\"padding-left: 30px;\"><span style=\"color: #003366;\">Verifica\u00e7\u00e3o da\u00a0regularidade\u00a0cadastral e tribut\u00e1ria de im\u00f3veis localizados em \u00e1reas da marinha;<\/span><\/p>\n<p style=\"padding-left: 30px;\"><span style=\"color: #003366;\"><strong>\u00a0<\/strong><\/span><\/p>\n<p style=\"text-align: justify; padding-left: 90px;\"><span style=\"color: #003366;\"><strong><br \/>\n<\/strong> <\/span><\/p>\n","protected":false},"excerpt":{"rendered":"<p>Realizamos o levantamento de todas as certid\u00f5es necess\u00e1rias para a elabora\u00e7\u00e3o de uma escorreita transa\u00e7\u00e3o jur\u00eddico imobili\u00e1rio, bem como efetuamos o oportuno estudo destes documentos, de modo que se possa ter um adequado parecer que viabilize a prudente e segura concretiza\u00e7\u00e3o deste neg\u00f3cio, a saber: &nbsp; DO IM\u00d3VEL 01. MATR\u00cdCULA DO IM\u00d3VEL; 02. CERTID\u00c3O DE [&hellip;]<\/p>\n","protected":false},"author":1,"featured_media":0,"parent":34,"menu_order":0,"comment_status":"open","ping_status":"open","template":"","meta":{"site-sidebar-layout":"default","site-content-layout":"","ast-site-content-layout":"default","site-content-style":"default","site-sidebar-style":"default","ast-global-header-display":"","ast-banner-title-visibility":"","ast-main-header-display":"","ast-hfb-above-header-display":"","ast-hfb-below-header-display":"","ast-hfb-mobile-header-display":"","site-post-title":"","ast-breadcrumbs-content":"","ast-featured-img":"","footer-sml-layout":"","ast-disable-related-posts":"","theme-transparent-header-meta":"","adv-header-id-meta":"","stick-header-meta":"","header-above-stick-meta":"","header-main-stick-meta":"","header-below-stick-meta":"","astra-migrate-meta-layouts":"default","ast-page-background-enabled":"default","ast-page-background-meta":{"desktop":{"background-color":"var(--ast-global-color-4)","background-image":"","background-repeat":"repeat","background-position":"center center","background-size":"auto","background-attachment":"scroll","background-type":"","background-media":"","overlay-type":"","overlay-color":"","overlay-opacity":"","overlay-gradient":""},"tablet":{"background-color":"","background-image":"","background-repeat":"repeat","background-position":"center center","background-size":"auto","background-attachment":"scroll","background-type":"","background-media":"","overlay-type":"","overlay-color":"","overlay-opacity":"","overlay-gradient":""},"mobile":{"background-color":"","background-image":"","background-repeat":"repeat","background-position":"center center","background-size":"auto","background-attachment":"scroll","background-type":"","background-media":"","overlay-type":"","overlay-color":"","overlay-opacity":"","overlay-gradient":""}},"ast-content-background-meta":{"desktop":{"background-color":"var(--ast-global-color-5)","background-image":"","background-repeat":"repeat","background-position":"center center","background-size":"auto","background-attachment":"scroll","background-type":"","background-media":"","overlay-type":"","overlay-color":"","overlay-opacity":"","overlay-gradient":""},"tablet":{"background-color":"var(--ast-global-color-5)","background-image":"","background-repeat":"repeat","background-position":"center center","background-size":"auto","background-attachment":"scroll","background-type":"","background-media":"","overlay-type":"","overlay-color":"","overlay-opacity":"","overlay-gradient":""},"mobile":{"background-color":"var(--ast-global-color-5)","background-image":"","background-repeat":"repeat","background-position":"center center","background-size":"auto","background-attachment":"scroll","background-type":"","background-media":"","overlay-type":"","overlay-color":"","overlay-opacity":"","overlay-gradient":""}},"footnotes":""},"class_list":["post-101","page","type-page","status-publish","hentry"],"_links":{"self":[{"href":"https:\/\/filik.adv.br\/filik\/wp-json\/wp\/v2\/pages\/101","targetHints":{"allow":["GET"]}}],"collection":[{"href":"https:\/\/filik.adv.br\/filik\/wp-json\/wp\/v2\/pages"}],"about":[{"href":"https:\/\/filik.adv.br\/filik\/wp-json\/wp\/v2\/types\/page"}],"author":[{"embeddable":true,"href":"https:\/\/filik.adv.br\/filik\/wp-json\/wp\/v2\/users\/1"}],"replies":[{"embeddable":true,"href":"https:\/\/filik.adv.br\/filik\/wp-json\/wp\/v2\/comments?post=101"}],"version-history":[{"count":0,"href":"https:\/\/filik.adv.br\/filik\/wp-json\/wp\/v2\/pages\/101\/revisions"}],"up":[{"embeddable":true,"href":"https:\/\/filik.adv.br\/filik\/wp-json\/wp\/v2\/pages\/34"}],"wp:attachment":[{"href":"https:\/\/filik.adv.br\/filik\/wp-json\/wp\/v2\/media?parent=101"}],"curies":[{"name":"wp","href":"https:\/\/api.w.org\/{rel}","templated":true}]}}