{"id":110,"date":"2012-03-27T22:38:33","date_gmt":"2012-03-27T22:38:33","guid":{"rendered":"http:\/\/www.filik.adv.br\/?page_id=110"},"modified":"2012-03-27T22:38:33","modified_gmt":"2012-03-27T22:38:33","slug":"leiloes-da-justica-do-trabalho-trabalhistas-leiloes-do-tribunal-de-justica-de-sao-paulo-leiloes-da-justica-federal","status":"publish","type":"page","link":"https:\/\/filik.adv.br\/filik\/dicas-uteis\/leiloes-da-justica-do-trabalho-trabalhistas-leiloes-do-tribunal-de-justica-de-sao-paulo-leiloes-da-justica-federal\/","title":{"rendered":"LEIL\u00d5ES"},"content":{"rendered":"<p><strong>Leil\u00f5es da Justi\u00e7a Federal<\/strong><\/p>\n<p><a href=\"http:\/\/www.jf.jus.br\/cjf\/outras-noticias\/2011\/novembro\/justica-federal-divulga-cronograma-de-leiloes-para-2012\" target=\"_blank\" rel=\"noopener\">http:\/\/www.jf.jus.br\/cjf\/outras-noticias\/2011\/novembro\/justica-federal-divulga-cronograma-de-leiloes-para-2012<\/a><\/p>\n<p><strong>Leil\u00f5es da Justi\u00e7a do Trabalho<\/strong><\/p>\n<p><a href=\"http:\/\/www.trtsp.jus.br\/\" target=\"_blank\" rel=\"noopener\">http:\/\/www.trtsp.jus.br\/<\/a><\/p>\n<p><strong>Leil\u00f5es da Justi\u00e7a Estadual de S\u00e3o Paulo<\/strong><\/p>\n<p><a href=\"http:\/\/www.dje.tjsp.jus.br\/cdje\/index.do\" target=\"_blank\" rel=\"noopener\">http:\/\/www.dje.tjsp.jus.br\/cdje\/index.do<\/a><\/p>\n","protected":false},"excerpt":{"rendered":"<p>Leil\u00f5es da Justi\u00e7a Federal http:\/\/www.jf.jus.br\/cjf\/outras-noticias\/2011\/novembro\/justica-federal-divulga-cronograma-de-leiloes-para-2012 Leil\u00f5es da Justi\u00e7a do Trabalho http:\/\/www.trtsp.jus.br\/ Leil\u00f5es da Justi\u00e7a Estadual de S\u00e3o Paulo http:\/\/www.dje.tjsp.jus.br\/cdje\/index.do<\/p>\n","protected":false},"author":1,"featured_media":0,"parent":34,"menu_order":0,"comment_status":"closed","ping_status":"closed","template":"","meta":{"site-sidebar-layout":"default","site-content-layout":"default","ast-site-content-layout":"default","site-content-style":"default","site-sidebar-style":"default","ast-global-header-display":"","ast-banner-title-visibility":"","ast-main-header-display":"","ast-hfb-above-header-display":"","ast-hfb-below-header-display":"","ast-hfb-mobile-header-display":"","site-post-title":"","ast-breadcrumbs-content":"","ast-featured-img":"","footer-sml-layout":"","ast-disable-related-posts":"","theme-transparent-header-meta":"default","adv-header-id-meta":"","stick-header-meta":"","header-above-stick-meta":"","header-main-stick-meta":"","header-below-stick-meta":"","astra-migrate-meta-layouts":"default","ast-page-background-enabled":"default","ast-page-background-meta":{"desktop":{"background-color":"var(--ast-global-color-4)","background-image":"","background-repeat":"repeat","background-position":"center center","background-size":"auto","background-attachment":"scroll","background-type":"","background-media":"","overlay-type":"","overlay-color":"","overlay-opacity":"","overlay-gradient":""},"tablet":{"background-color":"","background-image":"","background-repeat":"repeat","background-position":"center center","background-size":"auto","background-attachment":"scroll","background-type":"","background-media":"","overlay-type":"","overlay-color":"","overlay-opacity":"","overlay-gradient":""},"mobile":{"background-color":"","background-image":"","background-repeat":"repeat","background-position":"center center","background-size":"auto","background-attachment":"scroll","background-type":"","background-media":"","overlay-type":"","overlay-color":"","overlay-opacity":"","overlay-gradient":""}},"ast-content-background-meta":{"desktop":{"background-color":"var(--ast-global-color-5)","background-image":"","background-repeat":"repeat","background-position":"center center","background-size":"auto","background-attachment":"scroll","background-type":"","background-media":"","overlay-type":"","overlay-color":"","overlay-opacity":"","overlay-gradient":""},"tablet":{"background-color":"var(--ast-global-color-5)","background-image":"","background-repeat":"repeat","background-position":"center center","background-size":"auto","background-attachment":"scroll","background-type":"","background-media":"","overlay-type":"","overlay-color":"","overlay-opacity":"","overlay-gradient":""},"mobile":{"background-color":"var(--ast-global-color-5)","background-image":"","background-repeat":"repeat","background-position":"center center","background-size":"auto","background-attachment":"scroll","background-type":"","background-media":"","overlay-type":"","overlay-color":"","overlay-opacity":"","overlay-gradient":""}},"footnotes":""},"class_list":["post-110","page","type-page","status-publish","hentry"],"_links":{"self":[{"href":"https:\/\/filik.adv.br\/filik\/wp-json\/wp\/v2\/pages\/110","targetHints":{"allow":["GET"]}}],"collection":[{"href":"https:\/\/filik.adv.br\/filik\/wp-json\/wp\/v2\/pages"}],"about":[{"href":"https:\/\/filik.adv.br\/filik\/wp-json\/wp\/v2\/types\/page"}],"author":[{"embeddable":true,"href":"https:\/\/filik.adv.br\/filik\/wp-json\/wp\/v2\/users\/1"}],"replies":[{"embeddable":true,"href":"https:\/\/filik.adv.br\/filik\/wp-json\/wp\/v2\/comments?post=110"}],"version-history":[{"count":0,"href":"https:\/\/filik.adv.br\/filik\/wp-json\/wp\/v2\/pages\/110\/revisions"}],"up":[{"embeddable":true,"href":"https:\/\/filik.adv.br\/filik\/wp-json\/wp\/v2\/pages\/34"}],"wp:attachment":[{"href":"https:\/\/filik.adv.br\/filik\/wp-json\/wp\/v2\/media?parent=110"}],"curies":[{"name":"wp","href":"https:\/\/api.w.org\/{rel}","templated":true}]}}