{"id":12,"date":"2012-02-07T23:48:12","date_gmt":"2012-02-07T23:48:12","guid":{"rendered":"http:\/\/www.filik.adv.br\/?page_id=12"},"modified":"2012-02-07T23:48:12","modified_gmt":"2012-02-07T23:48:12","slug":"direito-penal","status":"publish","type":"page","link":"https:\/\/filik.adv.br\/filik\/direito-penal\/","title":{"rendered":"DIREITO PENAL"},"content":{"rendered":"<p><strong>* ATENDIMENTO: 24 HORAS *<\/strong><\/p>\n<p>Atuamos nas diversas \u00e1reas do Direito Penal, tanto nos processos de compet\u00eancia da Justi\u00e7a Estadual quanto nos processos de compet\u00eancia da Justi\u00e7a Federal, a saber:<\/p>\n<p><strong>Crimes Contra a pessoa,<\/strong> a honra e a liberdade: homic\u00eddio tentado e consumado, infantic\u00eddio (crimes julgados pelo tribunal do J\u00fari), aborto; les\u00f5es corporais, viol\u00eancia dom\u00e9stica; abandono, omiss\u00e3o de socorro, rixa; crimes contra honra (cal\u00fania, difama\u00e7\u00e3o, inj\u00faria), amea\u00e7a, sequestro;<\/p>\n<p><strong>Crimes Contra o patrim\u00f4nio:<\/strong> furto, roubo, extors\u00e3o, dano; apropria\u00e7\u00e3o ind\u00e9bita; estelionato, fraude, recepta\u00e7\u00e3o;<\/p>\n<p><strong>Crimes eletr\u00f4nicos:<\/strong> (por meio da Internet) furto, extors\u00e3o, crimes contra a honra, etc;<\/p>\n<p><strong>Crimes Contra os costumes:<\/strong> estupro, atentado violento ao pudor, posse sexual mediante fraude, ass\u00e9dio sexual, corrup\u00e7\u00e3o de menores, favorecimento \u00e0 prostitui\u00e7\u00e3o, ato obsceno;<\/p>\n<p><strong>Direito Penal M\u00e9dico:<\/strong> omiss\u00e3o de socorro, les\u00e3o corporal, exerc\u00edcio ilegal da medicina, arte dent\u00e1ria ou farmac\u00eautica, charlatanismo, curandeirismo, omiss\u00e3o de notifica\u00e7\u00e3o de doen\u00e7a, viola\u00e7\u00e3o de segredo profissional, falsidade de atestado m\u00e9dico;<\/p>\n<p><strong>Crimes Contra a f\u00e9 p\u00fablica:<\/strong> moeda falsa; falsifica\u00e7\u00e3o de pap\u00e9is p\u00fablicos, falsifica\u00e7\u00e3o de documentos, falsidade ideol\u00f3gica, uso de documento falso;<\/p>\n<p><strong>Crimes contra a Administra\u00e7\u00e3o p\u00fablica:<\/strong> dispensa \/ fraude em licita\u00e7\u00e3o, responsabilidade fiscal, peculato, concuss\u00e3o, corrup\u00e7\u00e3o passiva, prevarica\u00e7\u00e3o, abandono de fun\u00e7\u00e3o, desobedi\u00eancia, desacato, tr\u00e1fico de influ\u00eancia, contrabando, falso testemunho, coa\u00e7\u00e3o, fraude processual;<\/p>\n<p><strong>Crimes Ambientais:<\/strong> crimes contra a fauna e flora (desmatamento, corte de vegeta\u00e7\u00e3o); crimes de polui\u00e7\u00e3o, crimes contra o ordenamento urbano e o patrim\u00f4nio cultural, crimes contra a administra\u00e7\u00e3o ambiental \u2013 \u00e1rea penal e administrativa (multas);<\/p>\n<p><strong>Direito Penal Consumerista:<\/strong> crimes contra as rela\u00e7\u00f5es de consumo: cartel, monop\u00f3lio, pool, afirma\u00e7\u00f5es falsas, propaganda enganosa;<\/p>\n<p><strong>Direito Penal Previdenci\u00e1rio:<\/strong> apropria\u00e7\u00e3o ind\u00e9bita, sonega\u00e7\u00e3o, falsidade documental, estelionato;<\/p>\n<p><strong>Direito Penal Tribut\u00e1rio:<\/strong> Crimes contra a Ordem Econ\u00f4mica e Tribut\u00e1ria.<\/p>\n<p><strong>Direito Penal Eleitoral:<\/strong> coa\u00e7\u00e3o, compra de votos, viola\u00e7\u00e3o do sigilo de voto; propaganda eleitoral irregular, falsifica\u00e7\u00e3o de documentos.<\/p>\n<p><strong>Direito Penal Empresarial:<\/strong> crimes contra a ordem econ\u00f4mica e tribut\u00e1ria (crimes fiscais, de &#8220;colarinho branco&#8221;, sonega\u00e7\u00e3o), crimes falimentares e societ\u00e1rios, lavagem de dinheiro, evas\u00e3o de divisas.<\/p>\n<p>Assessoria para Elabora\u00e7\u00e3o, An\u00e1lise, Propositura e Acompanhamento de medidas de urg\u00eancia e a\u00e7\u00f5es no \u00e2mbito do Direito Penal, tais como:<\/p>\n<ul>\n<li>Liberdade provis\u00f3ria;<\/li>\n<li>&#8220;Habeas Corpus&#8221; em todas as Inst\u00e2ncias;<\/li>\n<li>Revoga\u00e7\u00e3o de pris\u00e3o preventiva;<\/li>\n<li>Relaxamento e\/ou revoga\u00e7\u00e3o de pris\u00e3o;<\/li>\n<li>Sustenta\u00e7\u00e3o oral perante os Tribunais;<\/li>\n<li>Progress\u00e3o de Regime: fechado\/ semiaberto\/aberto;<\/li>\n<li>Livramento condicional;<\/li>\n<li>Embargos de declara\u00e7\u00e3o;<\/li>\n<li>Embargos infringentes e nulidade;<\/li>\n<li>Agravo em execu\u00e7\u00e3o;<\/li>\n<li>Recurso de apela\u00e7\u00e3o;<\/li>\n<li>Recurso em sentido estrito;<\/li>\n<li>Recurso especial;<\/li>\n<li>Recurso extraordin\u00e1rio;<\/li>\n<li>Revis\u00e3o Criminal;<\/li>\n<li>Mandado de seguran\u00e7a;<\/li>\n<li>Defesas no Juizado Especial Criminal;<\/li>\n<li>Acompanhamento em Delegacias e F\u00f3runs;<\/li>\n<\/ul>\n","protected":false},"excerpt":{"rendered":"<p>* ATENDIMENTO: 24 HORAS * Atuamos nas diversas \u00e1reas do Direito Penal, tanto nos processos de compet\u00eancia da Justi\u00e7a Estadual quanto nos processos de compet\u00eancia da Justi\u00e7a Federal, a saber: Crimes Contra a pessoa, a honra e a liberdade: homic\u00eddio tentado e consumado, infantic\u00eddio (crimes julgados pelo tribunal do J\u00fari), aborto; les\u00f5es corporais, viol\u00eancia dom\u00e9stica; [&hellip;]<\/p>\n","protected":false},"author":1,"featured_media":0,"parent":0,"menu_order":990,"comment_status":"closed","ping_status":"closed","template":"","meta":{"site-sidebar-layout":"default","site-content-layout":"default","ast-site-content-layout":"default","site-content-style":"default","site-sidebar-style":"default","ast-global-header-display":"","ast-banner-title-visibility":"","ast-main-header-display":"","ast-hfb-above-header-display":"","ast-hfb-below-header-display":"","ast-hfb-mobile-header-display":"","site-post-title":"","ast-breadcrumbs-content":"","ast-featured-img":"","footer-sml-layout":"","ast-disable-related-posts":"","theme-transparent-header-meta":"default","adv-header-id-meta":"","stick-header-meta":"","header-above-stick-meta":"","header-main-stick-meta":"","header-below-stick-meta":"","astra-migrate-meta-layouts":"default","ast-page-background-enabled":"default","ast-page-background-meta":{"desktop":{"background-color":"var(--ast-global-color-4)","background-image":"","background-repeat":"repeat","background-position":"center center","background-size":"auto","background-attachment":"scroll","background-type":"","background-media":"","overlay-type":"","overlay-color":"","overlay-opacity":"","overlay-gradient":""},"tablet":{"background-color":"","background-image":"","background-repeat":"repeat","background-position":"center center","background-size":"auto","background-attachment":"scroll","background-type":"","background-media":"","overlay-type":"","overlay-color":"","overlay-opacity":"","overlay-gradient":""},"mobile":{"background-color":"","background-image":"","background-repeat":"repeat","background-position":"center center","background-size":"auto","background-attachment":"scroll","background-type":"","background-media":"","overlay-type":"","overlay-color":"","overlay-opacity":"","overlay-gradient":""}},"ast-content-background-meta":{"desktop":{"background-color":"var(--ast-global-color-5)","background-image":"","background-repeat":"repeat","background-position":"center center","background-size":"auto","background-attachment":"scroll","background-type":"","background-media":"","overlay-type":"","overlay-color":"","overlay-opacity":"","overlay-gradient":""},"tablet":{"background-color":"var(--ast-global-color-5)","background-image":"","background-repeat":"repeat","background-position":"center center","background-size":"auto","background-attachment":"scroll","background-type":"","background-media":"","overlay-type":"","overlay-color":"","overlay-opacity":"","overlay-gradient":""},"mobile":{"background-color":"var(--ast-global-color-5)","background-image":"","background-repeat":"repeat","background-position":"center center","background-size":"auto","background-attachment":"scroll","background-type":"","background-media":"","overlay-type":"","overlay-color":"","overlay-opacity":"","overlay-gradient":""}},"footnotes":""},"class_list":["post-12","page","type-page","status-publish","hentry"],"_links":{"self":[{"href":"https:\/\/filik.adv.br\/filik\/wp-json\/wp\/v2\/pages\/12","targetHints":{"allow":["GET"]}}],"collection":[{"href":"https:\/\/filik.adv.br\/filik\/wp-json\/wp\/v2\/pages"}],"about":[{"href":"https:\/\/filik.adv.br\/filik\/wp-json\/wp\/v2\/types\/page"}],"author":[{"embeddable":true,"href":"https:\/\/filik.adv.br\/filik\/wp-json\/wp\/v2\/users\/1"}],"replies":[{"embeddable":true,"href":"https:\/\/filik.adv.br\/filik\/wp-json\/wp\/v2\/comments?post=12"}],"version-history":[{"count":0,"href":"https:\/\/filik.adv.br\/filik\/wp-json\/wp\/v2\/pages\/12\/revisions"}],"wp:attachment":[{"href":"https:\/\/filik.adv.br\/filik\/wp-json\/wp\/v2\/media?parent=12"}],"curies":[{"name":"wp","href":"https:\/\/api.w.org\/{rel}","templated":true}]}}