{"id":20,"date":"2012-02-07T23:48:54","date_gmt":"2012-02-07T23:48:54","guid":{"rendered":"http:\/\/www.filik.adv.br\/?page_id=20"},"modified":"2012-02-07T23:48:54","modified_gmt":"2012-02-07T23:48:54","slug":"direito-tributario","status":"publish","type":"page","link":"https:\/\/filik.adv.br\/filik\/direito-tributario\/","title":{"rendered":"DIREITO TRIBUT\u00c1RIO"},"content":{"rendered":"<p>Proporcionamos aos nossos clientes uma eficaz e prof\u00edcua atua\u00e7\u00e3o na \u00e1rea tribut\u00e1ria, disposta em todas as esferas da federa\u00e7\u00e3o, seja referente aos tributos cobrados pela Uni\u00e3o, pelos Estados, pelos Munic\u00edpios ou pelo Distrito Federal, tanto no \u00e2mbito consultivo, como no \u00e2mbito contencioso, desta feita, destacam-se:<\/p>\n<p>Na forma consultiva<\/p>\n<ul>\n<li>Consultoria Tribut\u00e1ria, Consultoria e planejamento de opera\u00e7\u00f5es espec\u00edficas no cotidiano empresarial, bem como nas opera\u00e7\u00f5es de aquisi\u00e7\u00e3o de empresas, incorpora\u00e7\u00f5es, joint ventures e fus\u00f5es;<\/li>\n<li>An\u00e1lise e pareceres sobre incentivos fiscais oferecidos pelos Estados e Munic\u00edpios;<\/li>\n<li>Obten\u00e7\u00e3o de regimes especiais de tributa\u00e7\u00e3o, bem como parcelamentos REFIS, PPI Estadual e Municipal;<\/li>\n<li>Apresenta\u00e7\u00e3o de consultas formais aos \u00d3rg\u00e3os da Administra\u00e7\u00e3o Tribut\u00e1ria, Federal, Estadual e Municipal buscando a melhor interpreta\u00e7\u00e3o da legisla\u00e7\u00e3o tribut\u00e1ria;<\/li>\n<li>Acompanhamento em procedimentos fiscalizat\u00f3rio;<\/li>\n<li>Elabora\u00e7\u00e3o de projeto legislativo fiscal e acompanhamento e Recupera\u00e7\u00e3o de cr\u00e9ditos fiscais;<br \/>\n<strong>Na forma contenciosa<\/strong><\/li>\n<li>Impugna\u00e7\u00f5es em Autos de Infra\u00e7\u00f5es, Federal, Estadual e Municipal;<\/li>\n<li>Recursos Administrativos perante o Conselho de Contribuintes e Tribunal de Impostos e Taxas;<\/li>\n<li>Contencioso judicial em todas as esferas, inst\u00e2ncias e tribunais;<\/li>\n<li>Sustenta\u00e7\u00e3o oral perante os Tribunais Administrativos (Federal e Estadual).<\/li>\n<\/ul>\n","protected":false},"excerpt":{"rendered":"<p>Proporcionamos aos nossos clientes uma eficaz e prof\u00edcua atua\u00e7\u00e3o na \u00e1rea tribut\u00e1ria, disposta em todas as esferas da federa\u00e7\u00e3o, seja referente aos tributos cobrados pela Uni\u00e3o, pelos Estados, pelos Munic\u00edpios ou pelo Distrito Federal, tanto no \u00e2mbito consultivo, como no \u00e2mbito contencioso, desta feita, destacam-se: Na forma consultiva Consultoria Tribut\u00e1ria, Consultoria e planejamento de opera\u00e7\u00f5es [&hellip;]<\/p>\n","protected":false},"author":1,"featured_media":0,"parent":0,"menu_order":993,"comment_status":"closed","ping_status":"closed","template":"","meta":{"site-sidebar-layout":"default","site-content-layout":"default","ast-site-content-layout":"default","site-content-style":"default","site-sidebar-style":"default","ast-global-header-display":"","ast-banner-title-visibility":"","ast-main-header-display":"","ast-hfb-above-header-display":"","ast-hfb-below-header-display":"","ast-hfb-mobile-header-display":"","site-post-title":"","ast-breadcrumbs-content":"","ast-featured-img":"","footer-sml-layout":"","ast-disable-related-posts":"","theme-transparent-header-meta":"default","adv-header-id-meta":"","stick-header-meta":"","header-above-stick-meta":"","header-main-stick-meta":"","header-below-stick-meta":"","astra-migrate-meta-layouts":"default","ast-page-background-enabled":"default","ast-page-background-meta":{"desktop":{"background-color":"var(--ast-global-color-4)","background-image":"","background-repeat":"repeat","background-position":"center center","background-size":"auto","background-attachment":"scroll","background-type":"","background-media":"","overlay-type":"","overlay-color":"","overlay-opacity":"","overlay-gradient":""},"tablet":{"background-color":"","background-image":"","background-repeat":"repeat","background-position":"center center","background-size":"auto","background-attachment":"scroll","background-type":"","background-media":"","overlay-type":"","overlay-color":"","overlay-opacity":"","overlay-gradient":""},"mobile":{"background-color":"","background-image":"","background-repeat":"repeat","background-position":"center center","background-size":"auto","background-attachment":"scroll","background-type":"","background-media":"","overlay-type":"","overlay-color":"","overlay-opacity":"","overlay-gradient":""}},"ast-content-background-meta":{"desktop":{"background-color":"var(--ast-global-color-5)","background-image":"","background-repeat":"repeat","background-position":"center center","background-size":"auto","background-attachment":"scroll","background-type":"","background-media":"","overlay-type":"","overlay-color":"","overlay-opacity":"","overlay-gradient":""},"tablet":{"background-color":"var(--ast-global-color-5)","background-image":"","background-repeat":"repeat","background-position":"center center","background-size":"auto","background-attachment":"scroll","background-type":"","background-media":"","overlay-type":"","overlay-color":"","overlay-opacity":"","overlay-gradient":""},"mobile":{"background-color":"var(--ast-global-color-5)","background-image":"","background-repeat":"repeat","background-position":"center center","background-size":"auto","background-attachment":"scroll","background-type":"","background-media":"","overlay-type":"","overlay-color":"","overlay-opacity":"","overlay-gradient":""}},"footnotes":""},"class_list":["post-20","page","type-page","status-publish","hentry"],"_links":{"self":[{"href":"https:\/\/filik.adv.br\/filik\/wp-json\/wp\/v2\/pages\/20","targetHints":{"allow":["GET"]}}],"collection":[{"href":"https:\/\/filik.adv.br\/filik\/wp-json\/wp\/v2\/pages"}],"about":[{"href":"https:\/\/filik.adv.br\/filik\/wp-json\/wp\/v2\/types\/page"}],"author":[{"embeddable":true,"href":"https:\/\/filik.adv.br\/filik\/wp-json\/wp\/v2\/users\/1"}],"replies":[{"embeddable":true,"href":"https:\/\/filik.adv.br\/filik\/wp-json\/wp\/v2\/comments?post=20"}],"version-history":[{"count":0,"href":"https:\/\/filik.adv.br\/filik\/wp-json\/wp\/v2\/pages\/20\/revisions"}],"wp:attachment":[{"href":"https:\/\/filik.adv.br\/filik\/wp-json\/wp\/v2\/media?parent=20"}],"curies":[{"name":"wp","href":"https:\/\/api.w.org\/{rel}","templated":true}]}}