{"id":203,"date":"2012-05-20T23:29:37","date_gmt":"2012-05-20T23:29:37","guid":{"rendered":"http:\/\/www.filik.adv.br\/?page_id=203"},"modified":"2012-05-20T23:29:37","modified_gmt":"2012-05-20T23:29:37","slug":"certidoes","status":"publish","type":"page","link":"https:\/\/filik.adv.br\/filik\/certidoes\/","title":{"rendered":"Certidoes"},"content":{"rendered":"<p style=\"padding-left: 30px;\"><span style=\"color: #003366;\"><strong>CERTID\u00d5ES :<\/strong><strong> ONDE SOLICITAR CERTID\u00d5ES FEDERAIS, ESTADUAIS, MUNICIPAIS, RECEITA FEDERAL E CART\u00d3RIO DE REGISTRO DE IM\u00d3VEIS<\/strong><\/span><\/p>\n<p style=\"padding-left: 30px;\"><span style=\"color: #003366;\">01. MATR\u00cdCULA \u2013 Cart\u00f3rio de Registro de Im\u00f3veis competente (Local do im\u00f3vel);<\/span><\/p>\n<p style=\"padding-left: 30px;\"><span style=\"color: #003366;\">02. CERTID\u00c3O DE QUITA\u00c7\u00c3O DE TRIBUTOS MUNICIPAIS \u2013 Prefeita competente;<\/span><\/p>\n<p style=\"padding-left: 30px;\"><span style=\"color: #003366;\">03. CERTID\u00c3O NEGATIVA DE DESAPROPRIA\u00c7\u00c3O \u2013 Secretaria de obras ou planejamento;<\/span><\/p>\n<p style=\"padding-left: 30px;\"><span style=\"color: #003366;\">04. CERTID\u00c3O DE LAUD\u00caMIO (para im\u00f3veis localizados em \u00e1rea da Marinha, principalmente no Litoral) \u2013 Secret\u00e1ria do Patrim\u00f4nio da Uni\u00e3o;<\/span><\/p>\n<p style=\"padding-left: 30px;\"><span style=\"color: #003366;\"><strong>PESSOAIS<\/strong><\/span><\/p>\n<p style=\"padding-left: 30px;\"><span style=\"color: #003366;\">01. CERTID\u00c3O NEGATIVA DO DISTRIBUIDOR C\u00cdVEL, EXECUTIVOS FISCAIS, FAL\u00caNCIAS \u2013 Tribunal de Justi\u00e7a competente;<\/span><\/p>\n<p style=\"padding-left: 30px;\"><span style=\"color: #003366;\">02. CERTID\u00c3O NEGATIVA DO DISTRIBUIDOR CRIMINAL \u2013 Tribunal de Justi\u00e7a competente;<\/span><\/p>\n<p style=\"padding-left: 30px;\"><span style=\"color: #003366;\">03. CERTID\u00c3O NEGATIVA DA JUSTI\u00c7A FEDERAL (C\u00edvel e Criminal) -Tribunal Federal (internet):<\/span><\/p>\n<p style=\"padding-left: 30px;\"><span style=\"color: #003366;\">04. CERTID\u00c3O NEGATIVA DA JUSTI\u00c7A DO TRABALHO \u2013 Tribunal Regional do Trabalho competente;<\/span><\/p>\n<p style=\"padding-left: 30px;\"><span style=\"color: #003366;\">05. CERTID\u00c3O NEGATIVA DO DISTRIBUIDOR DE PROTESTO DE T\u00cdTULOS \u2013 Cart\u00f3rio de protestos competente;<\/span><\/p>\n<p style=\"padding-left: 30px;\"><span style=\"color: #003366;\">06. CERTID\u00c3O NEGATIVA DA RECEITA FEDERAL \u2013 Site da Receita Federal \u2013 <a href=\"http:\/\/www.receita.fazenda.gov.br\/\"><span style=\"color: #003366;\">http:\/\/www.receita.fazenda.gov.br\/<\/span><\/a>;<\/span><\/p>\n<p style=\"padding-left: 30px;\"><strong><span style=\"color: #003366;\">IM\u00d3VEIS LOCALIZADOS EM \u00c1REA DA MARINHA &#8211; LAUDEMIO &#8211; REGULARIDADE<\/span><\/strong><\/p>\n<p style=\"padding-left: 30px;\"><span style=\"color: #003366;\">Verifica\u00e7\u00e3o da\u00a0regularidade\u00a0cadastral e tribut\u00e1ria de im\u00f3veis localizados em \u00e1reas da marinha;<\/span><\/p>\n<p>&nbsp;<\/p>\n<p>&nbsp;<\/p>\n","protected":false},"excerpt":{"rendered":"<p>CERTID\u00d5ES : ONDE SOLICITAR CERTID\u00d5ES FEDERAIS, ESTADUAIS, MUNICIPAIS, RECEITA FEDERAL E CART\u00d3RIO DE REGISTRO DE IM\u00d3VEIS 01. MATR\u00cdCULA \u2013 Cart\u00f3rio de Registro de Im\u00f3veis competente (Local do im\u00f3vel); 02. CERTID\u00c3O DE QUITA\u00c7\u00c3O DE TRIBUTOS MUNICIPAIS \u2013 Prefeita competente; 03. CERTID\u00c3O NEGATIVA DE DESAPROPRIA\u00c7\u00c3O \u2013 Secretaria de obras ou planejamento; 04. CERTID\u00c3O DE LAUD\u00caMIO (para im\u00f3veis [&hellip;]<\/p>\n","protected":false},"author":1,"featured_media":0,"parent":0,"menu_order":0,"comment_status":"open","ping_status":"open","template":"","meta":{"site-sidebar-layout":"default","site-content-layout":"","ast-site-content-layout":"default","site-content-style":"default","site-sidebar-style":"default","ast-global-header-display":"","ast-banner-title-visibility":"","ast-main-header-display":"","ast-hfb-above-header-display":"","ast-hfb-below-header-display":"","ast-hfb-mobile-header-display":"","site-post-title":"","ast-breadcrumbs-content":"","ast-featured-img":"","footer-sml-layout":"","ast-disable-related-posts":"","theme-transparent-header-meta":"","adv-header-id-meta":"","stick-header-meta":"","header-above-stick-meta":"","header-main-stick-meta":"","header-below-stick-meta":"","astra-migrate-meta-layouts":"default","ast-page-background-enabled":"default","ast-page-background-meta":{"desktop":{"background-color":"var(--ast-global-color-4)","background-image":"","background-repeat":"repeat","background-position":"center center","background-size":"auto","background-attachment":"scroll","background-type":"","background-media":"","overlay-type":"","overlay-color":"","overlay-opacity":"","overlay-gradient":""},"tablet":{"background-color":"","background-image":"","background-repeat":"repeat","background-position":"center center","background-size":"auto","background-attachment":"scroll","background-type":"","background-media":"","overlay-type":"","overlay-color":"","overlay-opacity":"","overlay-gradient":""},"mobile":{"background-color":"","background-image":"","background-repeat":"repeat","background-position":"center center","background-size":"auto","background-attachment":"scroll","background-type":"","background-media":"","overlay-type":"","overlay-color":"","overlay-opacity":"","overlay-gradient":""}},"ast-content-background-meta":{"desktop":{"background-color":"var(--ast-global-color-5)","background-image":"","background-repeat":"repeat","background-position":"center center","background-size":"auto","background-attachment":"scroll","background-type":"","background-media":"","overlay-type":"","overlay-color":"","overlay-opacity":"","overlay-gradient":""},"tablet":{"background-color":"var(--ast-global-color-5)","background-image":"","background-repeat":"repeat","background-position":"center center","background-size":"auto","background-attachment":"scroll","background-type":"","background-media":"","overlay-type":"","overlay-color":"","overlay-opacity":"","overlay-gradient":""},"mobile":{"background-color":"var(--ast-global-color-5)","background-image":"","background-repeat":"repeat","background-position":"center center","background-size":"auto","background-attachment":"scroll","background-type":"","background-media":"","overlay-type":"","overlay-color":"","overlay-opacity":"","overlay-gradient":""}},"footnotes":""},"class_list":["post-203","page","type-page","status-publish","hentry"],"_links":{"self":[{"href":"https:\/\/filik.adv.br\/filik\/wp-json\/wp\/v2\/pages\/203","targetHints":{"allow":["GET"]}}],"collection":[{"href":"https:\/\/filik.adv.br\/filik\/wp-json\/wp\/v2\/pages"}],"about":[{"href":"https:\/\/filik.adv.br\/filik\/wp-json\/wp\/v2\/types\/page"}],"author":[{"embeddable":true,"href":"https:\/\/filik.adv.br\/filik\/wp-json\/wp\/v2\/users\/1"}],"replies":[{"embeddable":true,"href":"https:\/\/filik.adv.br\/filik\/wp-json\/wp\/v2\/comments?post=203"}],"version-history":[{"count":0,"href":"https:\/\/filik.adv.br\/filik\/wp-json\/wp\/v2\/pages\/203\/revisions"}],"wp:attachment":[{"href":"https:\/\/filik.adv.br\/filik\/wp-json\/wp\/v2\/media?parent=203"}],"curies":[{"name":"wp","href":"https:\/\/api.w.org\/{rel}","templated":true}]}}