{"id":22,"date":"2012-02-07T23:49:09","date_gmt":"2012-02-07T23:49:09","guid":{"rendered":"http:\/\/www.filik.adv.br\/?page_id=22"},"modified":"2021-08-03T20:40:08","modified_gmt":"2021-08-03T20:40:08","slug":"direito-administrativo","status":"publish","type":"page","link":"https:\/\/filik.adv.br\/filik\/direito-administrativo\/","title":{"rendered":"DIREITO ADMINISTRATIVO"},"content":{"rendered":"<p>Consultoria atuante e determinada dentro da esfera do Direito Administrativo, tanto referente ao contencioso administrativo, como referente ao contencioso administrativo judicial. Oferecemos tamb\u00e9m assessoria, an\u00e1lise e acompanhamento nos demais ramos abaixo:<\/p>\n<ul>\n<li>Contencioso Administrativo<\/li>\n<li>Representa\u00e7\u00e3o e defesa em processos administrativos e disciplinares.<\/li>\n<li>Contencioso Administrativo Judicial<\/li>\n<li>Representa\u00e7\u00e3o e defesa em a\u00e7\u00f5es de improbidade administrativa e a\u00e7\u00f5es populares, impetra\u00e7\u00e3o de mandado de seguran\u00e7a e demais medidas junto ao Poder Judici\u00e1rio.<\/li>\n<li>Contratos P\u00fablicos<\/li>\n<li>Auditoria preventiva e gest\u00e3o contratual, alertando o gestor sobre as normas legais e contratuais, com \u00eanfase nos riscos e medidas mitigadoras; elabora\u00e7\u00e3o de pleitos e propositura ou acompanhamento, no \u00e2mbito do contrato, de medidas de contencioso administrativo,<\/li>\n<li>judicial ou arbitral.<\/li>\n<li>Ag\u00eancias Reguladoras<\/li>\n<li>Acompanhamento da explora\u00e7\u00e3o do servi\u00e7o p\u00fablico e a assessoria quanto \u00e0s regras expedidas pelos \u00f3rg\u00e3os reguladores, tais como IBAMA (Instituto Brasileiro do Meio Ambiente e dos Recursos Naturais Renov\u00e1veis), ANATEL (Ag\u00eancia Nacional de Telecomunica\u00e7\u00f5es), ANEEL (Ag\u00eancia Nacional de Energia El\u00e9trica) e ANP (Ag\u00eancia Nacional de Petr\u00f3leo), bem como quanto \u00e0 legisla\u00e7\u00e3o acerca de novas ag\u00eancias, como ANA (Ag\u00eancia Nacional de \u00c1gua), ANTT (Ag\u00eancia Nacional de Transportes Terrestres), ANTAQ (Ag\u00eancia Nacional de Transportes<\/li>\n<li>Aquavi\u00e1rios), ANVISA (Ag\u00eancia Nacional de Vigil\u00e2ncia Sanit\u00e1ria), e ANS (Ag\u00eancia Nacional de Sa\u00fade).<\/li>\n<li>Administra\u00e7\u00e3o P\u00fablica<\/li>\n<li>Atendimento a projetos da Administra\u00e7\u00e3o P\u00fablica Federal, Estadual e Municipal, direta e indireta, nas esferas dos Poderes Executivo,<\/li>\n<li>Legislativo e Judici\u00e1rio.<\/li>\n<li>Licita\u00e7\u00f5es Nacionais e Internacionais<\/li>\n<li>An\u00e1lise da estrutura e legalidade de editais e processos licitat\u00f3rios; prepara\u00e7\u00e3o de cronogramas e check-list de documenta\u00e7\u00e3o e propostas; elabora\u00e7\u00e3o de impugna\u00e7\u00f5es e pedidos de esclarecimentos; representa\u00e7\u00f5es perante o Tribunal de Contas e Poder Judici\u00e1rio; acompanhamento do processo licitat\u00f3rio.<\/li>\n<li>Orienta\u00e7\u00f5es e assessoria para a abten\u00e7\u00e3o das licen\u00e7as e documenta\u00e7\u00e3o emitidas pelo corpo de bombeiros para a regulariza\u00e7\u00e3o de com\u00e9rcios, ind\u00fastrias, igrejas, edif\u00edcios residenciais e outros junto \u00e0 prefeitura municipal.<\/li>\n<\/ul>\n","protected":false},"excerpt":{"rendered":"<p>Consultoria atuante e determinada dentro da esfera do Direito Administrativo, tanto referente ao contencioso administrativo, como referente ao contencioso administrativo judicial. Oferecemos tamb\u00e9m assessoria, an\u00e1lise e acompanhamento nos demais ramos abaixo: Contencioso Administrativo Representa\u00e7\u00e3o e defesa em processos administrativos e disciplinares. Contencioso Administrativo Judicial Representa\u00e7\u00e3o e defesa em a\u00e7\u00f5es de improbidade administrativa e a\u00e7\u00f5es populares, [&hellip;]<\/p>\n","protected":false},"author":1,"featured_media":0,"parent":0,"menu_order":994,"comment_status":"closed","ping_status":"closed","template":"","meta":{"site-sidebar-layout":"default","site-content-layout":"default","ast-site-content-layout":"default","site-content-style":"default","site-sidebar-style":"default","ast-global-header-display":"","ast-banner-title-visibility":"","ast-main-header-display":"","ast-hfb-above-header-display":"","ast-hfb-below-header-display":"","ast-hfb-mobile-header-display":"","site-post-title":"","ast-breadcrumbs-content":"","ast-featured-img":"","footer-sml-layout":"","ast-disable-related-posts":"","theme-transparent-header-meta":"default","adv-header-id-meta":"","stick-header-meta":"","header-above-stick-meta":"","header-main-stick-meta":"","header-below-stick-meta":"","astra-migrate-meta-layouts":"default","ast-page-background-enabled":"default","ast-page-background-meta":{"desktop":{"background-color":"var(--ast-global-color-4)","background-image":"","background-repeat":"repeat","background-position":"center center","background-size":"auto","background-attachment":"scroll","background-type":"","background-media":"","overlay-type":"","overlay-color":"","overlay-opacity":"","overlay-gradient":""},"tablet":{"background-color":"","background-image":"","background-repeat":"repeat","background-position":"center center","background-size":"auto","background-attachment":"scroll","background-type":"","background-media":"","overlay-type":"","overlay-color":"","overlay-opacity":"","overlay-gradient":""},"mobile":{"background-color":"","background-image":"","background-repeat":"repeat","background-position":"center center","background-size":"auto","background-attachment":"scroll","background-type":"","background-media":"","overlay-type":"","overlay-color":"","overlay-opacity":"","overlay-gradient":""}},"ast-content-background-meta":{"desktop":{"background-color":"var(--ast-global-color-5)","background-image":"","background-repeat":"repeat","background-position":"center center","background-size":"auto","background-attachment":"scroll","background-type":"","background-media":"","overlay-type":"","overlay-color":"","overlay-opacity":"","overlay-gradient":""},"tablet":{"background-color":"var(--ast-global-color-5)","background-image":"","background-repeat":"repeat","background-position":"center center","background-size":"auto","background-attachment":"scroll","background-type":"","background-media":"","overlay-type":"","overlay-color":"","overlay-opacity":"","overlay-gradient":""},"mobile":{"background-color":"var(--ast-global-color-5)","background-image":"","background-repeat":"repeat","background-position":"center center","background-size":"auto","background-attachment":"scroll","background-type":"","background-media":"","overlay-type":"","overlay-color":"","overlay-opacity":"","overlay-gradient":""}},"footnotes":""},"class_list":["post-22","page","type-page","status-publish","hentry"],"_links":{"self":[{"href":"https:\/\/filik.adv.br\/filik\/wp-json\/wp\/v2\/pages\/22","targetHints":{"allow":["GET"]}}],"collection":[{"href":"https:\/\/filik.adv.br\/filik\/wp-json\/wp\/v2\/pages"}],"about":[{"href":"https:\/\/filik.adv.br\/filik\/wp-json\/wp\/v2\/types\/page"}],"author":[{"embeddable":true,"href":"https:\/\/filik.adv.br\/filik\/wp-json\/wp\/v2\/users\/1"}],"replies":[{"embeddable":true,"href":"https:\/\/filik.adv.br\/filik\/wp-json\/wp\/v2\/comments?post=22"}],"version-history":[{"count":2,"href":"https:\/\/filik.adv.br\/filik\/wp-json\/wp\/v2\/pages\/22\/revisions"}],"predecessor-version":[{"id":1037,"href":"https:\/\/filik.adv.br\/filik\/wp-json\/wp\/v2\/pages\/22\/revisions\/1037"}],"wp:attachment":[{"href":"https:\/\/filik.adv.br\/filik\/wp-json\/wp\/v2\/media?parent=22"}],"curies":[{"name":"wp","href":"https:\/\/api.w.org\/{rel}","templated":true}]}}