{"id":297,"date":"2012-06-03T21:22:07","date_gmt":"2012-06-03T21:22:07","guid":{"rendered":"http:\/\/www.filik.adv.br\/?page_id=297"},"modified":"2012-06-03T21:22:07","modified_gmt":"2012-06-03T21:22:07","slug":"direito-previdenciario","status":"publish","type":"page","link":"https:\/\/filik.adv.br\/filik\/direito-previdenciario\/","title":{"rendered":"DIREITO PREVIDENCI\u00c1RIO"},"content":{"rendered":"<p><strong>Direcionamos a nossa atua\u00e7\u00e3o na defesa dos interesses dos segurados da Previd\u00eancia Social, atrav\u00e9s da propositura de a\u00e7\u00f5es judiciais que objetivam assegurar os direitos de aposentados, pensionistas ou daqueles que pretendem receber algum\u00a0 benef\u00edcio de natureza previdenci\u00e1ria.<\/strong><\/p>\n<p><strong>Atuamos tamb\u00e9m na esfera administrativa perante o Instituto Nacional do Seguro Social, apresentando requerimentos e recursos contra as decis\u00f5es administrativas.<\/strong><\/p>\n<h4>Principais \u00e1reas de atua\u00e7\u00e3o:<\/h4>\n<p><strong>A\u00e7\u00f5es contra o INSS:<\/strong><\/p>\n<p>Aposentadoria:<\/p>\n<ul>\n<li>Administrativa<\/li>\n<li>Judicial<\/li>\n<li>Contagem de tempo de servi\u00e7o<\/li>\n<li>Assessoria Jur\u00eddica Previdenci\u00e1ria para Empresas<\/li>\n<\/ul>\n<p>&nbsp;<\/p>\n<p><strong>Tribut\u00e1rio\/Previdenci\u00e1rio \u2013 FUNRURAL<\/strong><\/p>\n<ul>\n<li>Pens\u00e3o por Idade<\/li>\n<li>Pens\u00e3o por Morte<\/li>\n<li>Revis\u00e3o de Pens\u00e3o por Morte<\/li>\n<li>Revis\u00e3o de Teto<\/li>\n<li>Revis\u00f5es no geral<\/li>\n<li>Desaposenta\u00e7\u00e3o<\/li>\n<\/ul>\n<p><strong>Servi\u00e7os Diversos Junto ao INSS<\/strong><\/p>\n<ul>\n<li>Benef\u00edcio Assistencial por idade e por sa\u00fade (LOAS)<\/li>\n<li>Tribut\u00e1rio\/Previdenci\u00e1rio \u2013 FUNRURAL<\/li>\n<li>Servi\u00e7os Diversos Junto ao INSS<\/li>\n<\/ul>\n","protected":false},"excerpt":{"rendered":"<p>Direcionamos a nossa atua\u00e7\u00e3o na defesa dos interesses dos segurados da Previd\u00eancia Social, atrav\u00e9s da propositura de a\u00e7\u00f5es judiciais que objetivam assegurar os direitos de aposentados, pensionistas ou daqueles que pretendem receber algum\u00a0 benef\u00edcio de natureza previdenci\u00e1ria. Atuamos tamb\u00e9m na esfera administrativa perante o Instituto Nacional do Seguro Social, apresentando requerimentos e recursos contra as [&hellip;]<\/p>\n","protected":false},"author":1,"featured_media":0,"parent":0,"menu_order":0,"comment_status":"closed","ping_status":"closed","template":"","meta":{"site-sidebar-layout":"default","site-content-layout":"default","ast-site-content-layout":"default","site-content-style":"default","site-sidebar-style":"default","ast-global-header-display":"","ast-banner-title-visibility":"","ast-main-header-display":"","ast-hfb-above-header-display":"","ast-hfb-below-header-display":"","ast-hfb-mobile-header-display":"","site-post-title":"","ast-breadcrumbs-content":"","ast-featured-img":"","footer-sml-layout":"","ast-disable-related-posts":"","theme-transparent-header-meta":"default","adv-header-id-meta":"","stick-header-meta":"","header-above-stick-meta":"","header-main-stick-meta":"","header-below-stick-meta":"","astra-migrate-meta-layouts":"default","ast-page-background-enabled":"default","ast-page-background-meta":{"desktop":{"background-color":"var(--ast-global-color-4)","background-image":"","background-repeat":"repeat","background-position":"center center","background-size":"auto","background-attachment":"scroll","background-type":"","background-media":"","overlay-type":"","overlay-color":"","overlay-opacity":"","overlay-gradient":""},"tablet":{"background-color":"","background-image":"","background-repeat":"repeat","background-position":"center center","background-size":"auto","background-attachment":"scroll","background-type":"","background-media":"","overlay-type":"","overlay-color":"","overlay-opacity":"","overlay-gradient":""},"mobile":{"background-color":"","background-image":"","background-repeat":"repeat","background-position":"center center","background-size":"auto","background-attachment":"scroll","background-type":"","background-media":"","overlay-type":"","overlay-color":"","overlay-opacity":"","overlay-gradient":""}},"ast-content-background-meta":{"desktop":{"background-color":"var(--ast-global-color-5)","background-image":"","background-repeat":"repeat","background-position":"center center","background-size":"auto","background-attachment":"scroll","background-type":"","background-media":"","overlay-type":"","overlay-color":"","overlay-opacity":"","overlay-gradient":""},"tablet":{"background-color":"var(--ast-global-color-5)","background-image":"","background-repeat":"repeat","background-position":"center center","background-size":"auto","background-attachment":"scroll","background-type":"","background-media":"","overlay-type":"","overlay-color":"","overlay-opacity":"","overlay-gradient":""},"mobile":{"background-color":"var(--ast-global-color-5)","background-image":"","background-repeat":"repeat","background-position":"center center","background-size":"auto","background-attachment":"scroll","background-type":"","background-media":"","overlay-type":"","overlay-color":"","overlay-opacity":"","overlay-gradient":""}},"footnotes":""},"class_list":["post-297","page","type-page","status-publish","hentry"],"_links":{"self":[{"href":"https:\/\/filik.adv.br\/filik\/wp-json\/wp\/v2\/pages\/297","targetHints":{"allow":["GET"]}}],"collection":[{"href":"https:\/\/filik.adv.br\/filik\/wp-json\/wp\/v2\/pages"}],"about":[{"href":"https:\/\/filik.adv.br\/filik\/wp-json\/wp\/v2\/types\/page"}],"author":[{"embeddable":true,"href":"https:\/\/filik.adv.br\/filik\/wp-json\/wp\/v2\/users\/1"}],"replies":[{"embeddable":true,"href":"https:\/\/filik.adv.br\/filik\/wp-json\/wp\/v2\/comments?post=297"}],"version-history":[{"count":0,"href":"https:\/\/filik.adv.br\/filik\/wp-json\/wp\/v2\/pages\/297\/revisions"}],"wp:attachment":[{"href":"https:\/\/filik.adv.br\/filik\/wp-json\/wp\/v2\/media?parent=297"}],"curies":[{"name":"wp","href":"https:\/\/api.w.org\/{rel}","templated":true}]}}