{"id":30,"date":"2012-02-07T23:50:43","date_gmt":"2012-02-07T23:50:43","guid":{"rendered":"http:\/\/www.filik.adv.br\/?page_id=30"},"modified":"2012-02-07T23:50:43","modified_gmt":"2012-02-07T23:50:43","slug":"correspondentes","status":"publish","type":"page","link":"https:\/\/filik.adv.br\/filik\/correspondentes\/","title":{"rendered":"CORRESPONDENTES"},"content":{"rendered":"<p>Atuamos dentro da regi\u00e3o metropolitana de S\u00e3o Paulo junto \u00e0 Justi\u00e7a Estadual, Justi\u00e7a Federal,\u00a0 Justi\u00e7a do Trabalho, Juizados Especiais, \u00d3rg\u00e3os P\u00fablicos em geral, Cart\u00f3rios, Delegacias de Pol\u00edcia. Realizamos, dentre outros, os seguintes servi\u00e7os:<\/p>\n<ul>\n<li>Protocolos;<\/li>\n<li>Audi\u00eancias;<\/li>\n<li>Elabora\u00e7\u00e3o de pe\u00e7as processuais;<\/li>\n<li>Distribui\u00e7\u00f5es;<\/li>\n<li>C\u00f3pias de processos;<\/li>\n<li>Preparos para recursos;<\/li>\n<li>Acompanhamento de publica\u00e7\u00f5es no Di\u00e1rio da Justi\u00e7a do Estado de S\u00e3o Paulo;<\/li>\n<li>Visitas peri\u00f3dicas aos \u00f3rg\u00e3os judici\u00e1rios;<\/li>\n<li>Acompanhamento de procedimentos administrativos e dilig\u00eancias diversas junto<br \/>\naos \u00d3rg\u00e3os P\u00fablicos;<\/li>\n<li>Controle dos prazos;<\/li>\n<li>Atuamos como Preposto;<\/li>\n<li>Traslado de documentos;<\/li>\n<li>Pedido de certid\u00f5es forenses, cartoriais e de outros \u00f3rg\u00e3os p\u00fablicos;<\/li>\n<li>Despacho com o Magistrado\/Desembargador;<\/li>\n<li>Cumprimento de dilig\u00eancias;<\/li>\n<li>Envio de relat\u00f3rio mensal contendo os andamentos processuais, seja por fax-s\u00edmile ou e-mail;\u00a0Extra\u00e7\u00e3o, digitaliza\u00e7\u00e3o e postagem de pe\u00e7as;<\/li>\n<li>An\u00e1lise de processos \/Pareceres;<\/li>\n<li>Retirada, pagamento e envio de guias;<\/li>\n<li>C\u00f3pias para agravo de instrumento ao STJ e STF;<\/li>\n<li>Cart\u00f3rios de registros de im\u00f3veis e \u00f3rg\u00e3os p\u00fablicos;<\/li>\n<li>Sustenta\u00e7\u00e3o Oral.<\/li>\n<\/ul>\n","protected":false},"excerpt":{"rendered":"<p>Atuamos dentro da regi\u00e3o metropolitana de S\u00e3o Paulo junto \u00e0 Justi\u00e7a Estadual, Justi\u00e7a Federal,\u00a0 Justi\u00e7a do Trabalho, Juizados Especiais, \u00d3rg\u00e3os P\u00fablicos em geral, Cart\u00f3rios, Delegacias de Pol\u00edcia. Realizamos, dentre outros, os seguintes servi\u00e7os: Protocolos; Audi\u00eancias; Elabora\u00e7\u00e3o de pe\u00e7as processuais; Distribui\u00e7\u00f5es; C\u00f3pias de processos; Preparos para recursos; Acompanhamento de publica\u00e7\u00f5es no Di\u00e1rio da Justi\u00e7a do Estado [&hellip;]<\/p>\n","protected":false},"author":1,"featured_media":0,"parent":0,"menu_order":995,"comment_status":"closed","ping_status":"closed","template":"","meta":{"site-sidebar-layout":"default","site-content-layout":"default","ast-site-content-layout":"default","site-content-style":"default","site-sidebar-style":"default","ast-global-header-display":"","ast-banner-title-visibility":"","ast-main-header-display":"","ast-hfb-above-header-display":"","ast-hfb-below-header-display":"","ast-hfb-mobile-header-display":"","site-post-title":"","ast-breadcrumbs-content":"","ast-featured-img":"","footer-sml-layout":"","ast-disable-related-posts":"","theme-transparent-header-meta":"default","adv-header-id-meta":"","stick-header-meta":"","header-above-stick-meta":"","header-main-stick-meta":"","header-below-stick-meta":"","astra-migrate-meta-layouts":"default","ast-page-background-enabled":"default","ast-page-background-meta":{"desktop":{"background-color":"var(--ast-global-color-4)","background-image":"","background-repeat":"repeat","background-position":"center center","background-size":"auto","background-attachment":"scroll","background-type":"","background-media":"","overlay-type":"","overlay-color":"","overlay-opacity":"","overlay-gradient":""},"tablet":{"background-color":"","background-image":"","background-repeat":"repeat","background-position":"center center","background-size":"auto","background-attachment":"scroll","background-type":"","background-media":"","overlay-type":"","overlay-color":"","overlay-opacity":"","overlay-gradient":""},"mobile":{"background-color":"","background-image":"","background-repeat":"repeat","background-position":"center center","background-size":"auto","background-attachment":"scroll","background-type":"","background-media":"","overlay-type":"","overlay-color":"","overlay-opacity":"","overlay-gradient":""}},"ast-content-background-meta":{"desktop":{"background-color":"var(--ast-global-color-5)","background-image":"","background-repeat":"repeat","background-position":"center center","background-size":"auto","background-attachment":"scroll","background-type":"","background-media":"","overlay-type":"","overlay-color":"","overlay-opacity":"","overlay-gradient":""},"tablet":{"background-color":"var(--ast-global-color-5)","background-image":"","background-repeat":"repeat","background-position":"center center","background-size":"auto","background-attachment":"scroll","background-type":"","background-media":"","overlay-type":"","overlay-color":"","overlay-opacity":"","overlay-gradient":""},"mobile":{"background-color":"var(--ast-global-color-5)","background-image":"","background-repeat":"repeat","background-position":"center center","background-size":"auto","background-attachment":"scroll","background-type":"","background-media":"","overlay-type":"","overlay-color":"","overlay-opacity":"","overlay-gradient":""}},"footnotes":""},"class_list":["post-30","page","type-page","status-publish","hentry"],"_links":{"self":[{"href":"https:\/\/filik.adv.br\/filik\/wp-json\/wp\/v2\/pages\/30","targetHints":{"allow":["GET"]}}],"collection":[{"href":"https:\/\/filik.adv.br\/filik\/wp-json\/wp\/v2\/pages"}],"about":[{"href":"https:\/\/filik.adv.br\/filik\/wp-json\/wp\/v2\/types\/page"}],"author":[{"embeddable":true,"href":"https:\/\/filik.adv.br\/filik\/wp-json\/wp\/v2\/users\/1"}],"replies":[{"embeddable":true,"href":"https:\/\/filik.adv.br\/filik\/wp-json\/wp\/v2\/comments?post=30"}],"version-history":[{"count":0,"href":"https:\/\/filik.adv.br\/filik\/wp-json\/wp\/v2\/pages\/30\/revisions"}],"wp:attachment":[{"href":"https:\/\/filik.adv.br\/filik\/wp-json\/wp\/v2\/media?parent=30"}],"curies":[{"name":"wp","href":"https:\/\/api.w.org\/{rel}","templated":true}]}}