{"id":96,"date":"2012-03-27T22:32:46","date_gmt":"2012-03-27T22:32:46","guid":{"rendered":"http:\/\/www.filik.adv.br\/?page_id=96"},"modified":"2012-03-27T22:32:46","modified_gmt":"2012-03-27T22:32:46","slug":"como-encontrar-processos-judiciais-na-internet","status":"publish","type":"page","link":"https:\/\/filik.adv.br\/filik\/dicas-uteis\/como-encontrar-processos-judiciais-na-internet\/","title":{"rendered":"COMO ENCONTRAR PROCESSOS JUDICIAIS NA INTERNET"},"content":{"rendered":"<p><strong>COMO ENCONTRAR PROCESSOS JUDICIAIS NA INTERNET<\/strong><\/p>\n<p>Atualmente, pode se afirmar que todos os Tribunais de Justi\u00e7a do pa\u00eds permitem o acompanhamento processual via internet, o que confere as partes envolvidas maior facilidade na obten\u00e7\u00e3o de informa\u00e7\u00f5es, permitindo, desse modo, que o servi\u00e7o seja prestado com mais transpar\u00eancia.<\/p>\n<p>Entretanto, muitas pessoas t\u00eam grandes dificuldades em encontrar os processos, motivo pelo qual a CARRILLO Advocacia em S\u00e3o Paulo faz as seguintes considera\u00e7\u00f5es relacionadas ao Egr\u00e9gio Tribunal de Justi\u00e7a de S\u00e3o Paulo:<\/p>\n<h4>Passos para a pesquisa:<\/h4>\n<p><strong>TJ\/SP &#8211; 1\u00aa inst\u00e2ncia<\/strong><br \/>\n1) Endere\u00e7o do site: http:\/\/www.tjsp.jus.br\/;<br \/>\n2) Na barra lateral \u00e0 esquerda, t\u00f3pico &#8220;Servi\u00e7os&#8221;, clicar em &#8220;Consulta de processos&#8221;;<br \/>\n3) Clicar em &#8220;Processos de 1\u00aa inst\u00e2ncia&#8221;;<br \/>\n4) Escolher entre capital ou interior;<br \/>\n5) Em seguida, clicar no t\u00f3pico pertinente \u00e0 regi\u00e3o escolhida;<br \/>\n6) Na pr\u00f3xima p\u00e1gina, a pesquisa poder\u00e1 ser feita atrav\u00e9s do n\u00famero do processo, nome da parte, documento da parte entre outras op\u00e7\u00f5es.<\/p>\n<p><strong>TJ\/SP &#8211; 2\u00aa inst\u00e2ncia<\/strong><br \/>\n1) Endere\u00e7o do site: http:\/\/www.tjsp.jus.br\/;<br \/>\n2) Na barra lateral \u00e0 esquerda, t\u00f3pico &#8220;Servi\u00e7os&#8221;, clicar em &#8220;Consulta de processos&#8221;;<br \/>\n3) Clicar em &#8220;Processos de 2\u00aa inst\u00e2ncia&#8221;;<br \/>\n4) Escolher a se\u00e7\u00e3o, ou, caso n\u00e3o saiba, clicar em &#8220;Todas as se\u00e7\u00f5es&#8221;;<br \/>\n5) A pesquisa poder\u00e1 ser feita atrav\u00e9s do n\u00famero do processo, nome da parte, documento da parte entre outras op\u00e7\u00f5es.<\/p>\n<p><strong>TJ\/SP &#8211; EXECU\u00c7\u00d5ES CRIMINAIS<\/strong><br \/>\n1) Endere\u00e7o do site: http:\/\/www.tjsp.jus.br\/;<br \/>\n2) Na barra lateral \u00e0 esquerda, t\u00f3pico &#8220;Servi\u00e7os&#8221;, clicar em &#8220;Consulta de processos&#8221;;<br \/>\n3) Clicar em &#8220;Processos de 1\u00aa inst\u00e2ncia&#8221;;<br \/>\n4) Clicar em &#8220;VEC&#8221;;<br \/>\n5) Na nova p\u00e1gina, a pesquisa poder\u00e1 ser feita pelo n\u00famero do RG, nome do executado e pelo n\u00famero da execu\u00e7\u00e3o.<\/p>\n","protected":false},"excerpt":{"rendered":"<p>COMO ENCONTRAR PROCESSOS JUDICIAIS NA INTERNET Atualmente, pode se afirmar que todos os Tribunais de Justi\u00e7a do pa\u00eds permitem o acompanhamento processual via internet, o que confere as partes envolvidas maior facilidade na obten\u00e7\u00e3o de informa\u00e7\u00f5es, permitindo, desse modo, que o servi\u00e7o seja prestado com mais transpar\u00eancia. Entretanto, muitas pessoas t\u00eam grandes dificuldades em encontrar [&hellip;]<\/p>\n","protected":false},"author":1,"featured_media":0,"parent":34,"menu_order":0,"comment_status":"closed","ping_status":"closed","template":"","meta":{"site-sidebar-layout":"default","site-content-layout":"default","ast-site-content-layout":"default","site-content-style":"default","site-sidebar-style":"default","ast-global-header-display":"","ast-banner-title-visibility":"","ast-main-header-display":"","ast-hfb-above-header-display":"","ast-hfb-below-header-display":"","ast-hfb-mobile-header-display":"","site-post-title":"","ast-breadcrumbs-content":"","ast-featured-img":"","footer-sml-layout":"","ast-disable-related-posts":"","theme-transparent-header-meta":"default","adv-header-id-meta":"","stick-header-meta":"","header-above-stick-meta":"","header-main-stick-meta":"","header-below-stick-meta":"","astra-migrate-meta-layouts":"default","ast-page-background-enabled":"default","ast-page-background-meta":{"desktop":{"background-color":"var(--ast-global-color-4)","background-image":"","background-repeat":"repeat","background-position":"center center","background-size":"auto","background-attachment":"scroll","background-type":"","background-media":"","overlay-type":"","overlay-color":"","overlay-opacity":"","overlay-gradient":""},"tablet":{"background-color":"","background-image":"","background-repeat":"repeat","background-position":"center center","background-size":"auto","background-attachment":"scroll","background-type":"","background-media":"","overlay-type":"","overlay-color":"","overlay-opacity":"","overlay-gradient":""},"mobile":{"background-color":"","background-image":"","background-repeat":"repeat","background-position":"center center","background-size":"auto","background-attachment":"scroll","background-type":"","background-media":"","overlay-type":"","overlay-color":"","overlay-opacity":"","overlay-gradient":""}},"ast-content-background-meta":{"desktop":{"background-color":"var(--ast-global-color-5)","background-image":"","background-repeat":"repeat","background-position":"center center","background-size":"auto","background-attachment":"scroll","background-type":"","background-media":"","overlay-type":"","overlay-color":"","overlay-opacity":"","overlay-gradient":""},"tablet":{"background-color":"var(--ast-global-color-5)","background-image":"","background-repeat":"repeat","background-position":"center center","background-size":"auto","background-attachment":"scroll","background-type":"","background-media":"","overlay-type":"","overlay-color":"","overlay-opacity":"","overlay-gradient":""},"mobile":{"background-color":"var(--ast-global-color-5)","background-image":"","background-repeat":"repeat","background-position":"center center","background-size":"auto","background-attachment":"scroll","background-type":"","background-media":"","overlay-type":"","overlay-color":"","overlay-opacity":"","overlay-gradient":""}},"footnotes":""},"class_list":["post-96","page","type-page","status-publish","hentry"],"_links":{"self":[{"href":"https:\/\/filik.adv.br\/filik\/wp-json\/wp\/v2\/pages\/96","targetHints":{"allow":["GET"]}}],"collection":[{"href":"https:\/\/filik.adv.br\/filik\/wp-json\/wp\/v2\/pages"}],"about":[{"href":"https:\/\/filik.adv.br\/filik\/wp-json\/wp\/v2\/types\/page"}],"author":[{"embeddable":true,"href":"https:\/\/filik.adv.br\/filik\/wp-json\/wp\/v2\/users\/1"}],"replies":[{"embeddable":true,"href":"https:\/\/filik.adv.br\/filik\/wp-json\/wp\/v2\/comments?post=96"}],"version-history":[{"count":0,"href":"https:\/\/filik.adv.br\/filik\/wp-json\/wp\/v2\/pages\/96\/revisions"}],"up":[{"embeddable":true,"href":"https:\/\/filik.adv.br\/filik\/wp-json\/wp\/v2\/pages\/34"}],"wp:attachment":[{"href":"https:\/\/filik.adv.br\/filik\/wp-json\/wp\/v2\/media?parent=96"}],"curies":[{"name":"wp","href":"https:\/\/api.w.org\/{rel}","templated":true}]}}