{"id":99,"date":"2012-03-27T22:33:56","date_gmt":"2012-03-27T22:33:56","guid":{"rendered":"http:\/\/www.filik.adv.br\/?page_id=99"},"modified":"2012-03-27T22:33:56","modified_gmt":"2012-03-27T22:33:56","slug":"como-solicitar-antecedentes-criminais-sao-paulo-sp","status":"publish","type":"page","link":"https:\/\/filik.adv.br\/filik\/dicas-uteis\/como-solicitar-antecedentes-criminais-sao-paulo-sp\/","title":{"rendered":"COMO SOLICITAR ANTECEDENTES CRIMINAIS"},"content":{"rendered":"<p><strong>COMO SOLICITAR ANTECEDENTES CRIMINAIS &#8211; S\u00e3o Paulo &#8211; SP<\/strong><\/p>\n<p>O Atestado de Antecedentes \u00e9 um documento fornecido pelo Instituto de Identifica\u00e7\u00e3o Ricardo Gumbleton Daunt (IIRGD), \u00f3rg\u00e3o da Secretaria da Seguran\u00e7a P\u00fablica, que tem por objetivo informar a exist\u00eancia ou a inexist\u00eancia de registro de antecedentes criminais, apresentando a situa\u00e7\u00e3o do cidad\u00e3o no exato momento da pesquisa nos registros informatizados do Instituto.<\/p>\n<p>O Atestado de Antecedentes n\u00e3o apresenta a ficha pessoal do cidad\u00e3o. Ele s\u00f3 coloca dispon\u00edvel uma resposta negativa ou positiva quanto a poss\u00edveis pend\u00eancias jur\u00eddico-criminais atuais.<\/p>\n<p>Para utiliza\u00e7\u00e3o deste servi\u00e7o, voc\u00ea deve verificar se a sua Carteira de Identidade (RG) foi emitida em S\u00e3o Paulo, pela Secretaria da Seguran\u00e7a P\u00fablica &#8211; SP. Os Atestados de Antecedentes para portadores de RG de outros estados podem ser requeridos pessoalmente nos Postos do Poupatempo e Postos de Identifica\u00e7\u00e3o do IIRGD, tendo o documento em m\u00e3os.<\/p>\n<p>O documento poder ser solicitado pela internet no seguinte endere\u00e7o:<\/p>\n<p><a href=\"http:\/\/www.ssp.sp.gov.br\/servicos\/atestado.aspx\" target=\"_blank\" rel=\"noopener\">http:\/\/www.ssp.sp.gov.br\/servicos\/atestado.aspx<\/a><\/p>\n","protected":false},"excerpt":{"rendered":"<p>COMO SOLICITAR ANTECEDENTES CRIMINAIS &#8211; S\u00e3o Paulo &#8211; SP O Atestado de Antecedentes \u00e9 um documento fornecido pelo Instituto de Identifica\u00e7\u00e3o Ricardo Gumbleton Daunt (IIRGD), \u00f3rg\u00e3o da Secretaria da Seguran\u00e7a P\u00fablica, que tem por objetivo informar a exist\u00eancia ou a inexist\u00eancia de registro de antecedentes criminais, apresentando a situa\u00e7\u00e3o do cidad\u00e3o no exato momento da [&hellip;]<\/p>\n","protected":false},"author":1,"featured_media":0,"parent":34,"menu_order":0,"comment_status":"closed","ping_status":"closed","template":"","meta":{"site-sidebar-layout":"default","site-content-layout":"default","ast-site-content-layout":"default","site-content-style":"default","site-sidebar-style":"default","ast-global-header-display":"","ast-banner-title-visibility":"","ast-main-header-display":"","ast-hfb-above-header-display":"","ast-hfb-below-header-display":"","ast-hfb-mobile-header-display":"","site-post-title":"","ast-breadcrumbs-content":"","ast-featured-img":"","footer-sml-layout":"","ast-disable-related-posts":"","theme-transparent-header-meta":"default","adv-header-id-meta":"","stick-header-meta":"","header-above-stick-meta":"","header-main-stick-meta":"","header-below-stick-meta":"","astra-migrate-meta-layouts":"default","ast-page-background-enabled":"default","ast-page-background-meta":{"desktop":{"background-color":"var(--ast-global-color-4)","background-image":"","background-repeat":"repeat","background-position":"center center","background-size":"auto","background-attachment":"scroll","background-type":"","background-media":"","overlay-type":"","overlay-color":"","overlay-opacity":"","overlay-gradient":""},"tablet":{"background-color":"","background-image":"","background-repeat":"repeat","background-position":"center center","background-size":"auto","background-attachment":"scroll","background-type":"","background-media":"","overlay-type":"","overlay-color":"","overlay-opacity":"","overlay-gradient":""},"mobile":{"background-color":"","background-image":"","background-repeat":"repeat","background-position":"center center","background-size":"auto","background-attachment":"scroll","background-type":"","background-media":"","overlay-type":"","overlay-color":"","overlay-opacity":"","overlay-gradient":""}},"ast-content-background-meta":{"desktop":{"background-color":"var(--ast-global-color-5)","background-image":"","background-repeat":"repeat","background-position":"center center","background-size":"auto","background-attachment":"scroll","background-type":"","background-media":"","overlay-type":"","overlay-color":"","overlay-opacity":"","overlay-gradient":""},"tablet":{"background-color":"var(--ast-global-color-5)","background-image":"","background-repeat":"repeat","background-position":"center center","background-size":"auto","background-attachment":"scroll","background-type":"","background-media":"","overlay-type":"","overlay-color":"","overlay-opacity":"","overlay-gradient":""},"mobile":{"background-color":"var(--ast-global-color-5)","background-image":"","background-repeat":"repeat","background-position":"center center","background-size":"auto","background-attachment":"scroll","background-type":"","background-media":"","overlay-type":"","overlay-color":"","overlay-opacity":"","overlay-gradient":""}},"footnotes":""},"class_list":["post-99","page","type-page","status-publish","hentry"],"_links":{"self":[{"href":"https:\/\/filik.adv.br\/filik\/wp-json\/wp\/v2\/pages\/99","targetHints":{"allow":["GET"]}}],"collection":[{"href":"https:\/\/filik.adv.br\/filik\/wp-json\/wp\/v2\/pages"}],"about":[{"href":"https:\/\/filik.adv.br\/filik\/wp-json\/wp\/v2\/types\/page"}],"author":[{"embeddable":true,"href":"https:\/\/filik.adv.br\/filik\/wp-json\/wp\/v2\/users\/1"}],"replies":[{"embeddable":true,"href":"https:\/\/filik.adv.br\/filik\/wp-json\/wp\/v2\/comments?post=99"}],"version-history":[{"count":0,"href":"https:\/\/filik.adv.br\/filik\/wp-json\/wp\/v2\/pages\/99\/revisions"}],"up":[{"embeddable":true,"href":"https:\/\/filik.adv.br\/filik\/wp-json\/wp\/v2\/pages\/34"}],"wp:attachment":[{"href":"https:\/\/filik.adv.br\/filik\/wp-json\/wp\/v2\/media?parent=99"}],"curies":[{"name":"wp","href":"https:\/\/api.w.org\/{rel}","templated":true}]}}